{"id":26,"date":"2014-10-22T12:22:25","date_gmt":"2014-10-22T12:22:25","guid":{"rendered":"http:\/\/demo.select-themes.com\/bodega10\/?page_id=17"},"modified":"2026-02-23T20:25:51","modified_gmt":"2026-02-23T19:25:51","slug":"103-sp-groupe-de-garage","status":"publish","type":"page","link":"https:\/\/www.103sp.fr\/","title":{"rendered":"Groupe de Garage"},"content":{"rendered":"\t\t<div data-elementor-type=\"wp-page\" data-elementor-id=\"26\" class=\"elementor elementor-26\">\n\t\t\t\t<div class=\"elementor-element elementor-element-a5cc7af e-con-full e-grid e-con e-parent\" data-id=\"a5cc7af\" data-element_type=\"container\" data-e-type=\"container\">\n\t\t\t\t<div class=\"elementor-element elementor-element-1f3be01 elementor-widget-mobile__width-auto e-transform e-transform elementor-widget elementor-widget-image\" data-id=\"1f3be01\" data-element_type=\"widget\" data-e-type=\"widget\" data-settings=\"{&quot;_transform_translateY_effect_mobile&quot;:{&quot;unit&quot;:&quot;px&quot;,&quot;size&quot;:0,&quot;sizes&quot;:[]},&quot;_transform_scale_effect_mobile&quot;:{&quot;unit&quot;:&quot;px&quot;,&quot;size&quot;:1.9,&quot;sizes&quot;:[]},&quot;_transform_translateX_effect&quot;:{&quot;unit&quot;:&quot;px&quot;,&quot;size&quot;:&quot;&quot;,&quot;sizes&quot;:[]},&quot;_transform_translateX_effect_tablet&quot;:{&quot;unit&quot;:&quot;px&quot;,&quot;size&quot;:&quot;&quot;,&quot;sizes&quot;:[]},&quot;_transform_translateX_effect_mobile&quot;:{&quot;unit&quot;:&quot;px&quot;,&quot;size&quot;:&quot;&quot;,&quot;sizes&quot;:[]},&quot;_transform_translateY_effect&quot;:{&quot;unit&quot;:&quot;px&quot;,&quot;size&quot;:&quot;&quot;,&quot;sizes&quot;:[]},&quot;_transform_translateY_effect_tablet&quot;:{&quot;unit&quot;:&quot;px&quot;,&quot;size&quot;:&quot;&quot;,&quot;sizes&quot;:[]},&quot;_transform_scale_effect&quot;:{&quot;unit&quot;:&quot;px&quot;,&quot;size&quot;:&quot;&quot;,&quot;sizes&quot;:[]},&quot;_transform_scale_effect_tablet&quot;:{&quot;unit&quot;:&quot;px&quot;,&quot;size&quot;:&quot;&quot;,&quot;sizes&quot;:[]}}\" data-widget_type=\"image.default\">\n\t\t\t\t\t\t\t\t\t\t\t\t\t\t\t<img fetchpriority=\"high\" decoding=\"async\" width=\"1920\" height=\"1080\" src=\"https:\/\/www.103sp.fr\/wp-content\/uploads\/2014\/10\/103SP-1920x1080-1.jpg\" class=\"attachment-full size-full wp-image-50453\" alt=\"103SP\" srcset=\"https:\/\/www.103sp.fr\/wp-content\/uploads\/2014\/10\/103SP-1920x1080-1.jpg 1920w, https:\/\/www.103sp.fr\/wp-content\/uploads\/2014\/10\/103SP-1920x1080-1-300x169.jpg 300w, https:\/\/www.103sp.fr\/wp-content\/uploads\/2014\/10\/103SP-1920x1080-1-1024x576.jpg 1024w, https:\/\/www.103sp.fr\/wp-content\/uploads\/2014\/10\/103SP-1920x1080-1-768x432.jpg 768w, https:\/\/www.103sp.fr\/wp-content\/uploads\/2014\/10\/103SP-1920x1080-1-1536x864.jpg 1536w, https:\/\/www.103sp.fr\/wp-content\/uploads\/2014\/10\/103SP-1920x1080-1-700x394.jpg 700w\" sizes=\"(max-width: 1920px) 100vw, 1920px\" \/>\t\t\t\t\t\t\t\t\t\t\t\t\t\t\t<\/div>\n\t\t\t\t<\/div>\n\t\t<div class=\"elementor-element elementor-element-b725f97 e-con-full e-flex e-con e-parent\" data-id=\"b725f97\" data-element_type=\"container\" data-e-type=\"container\">\n\t\t<div class=\"elementor-element elementor-element-f56a6a4 e-con-full e-flex e-con e-child\" data-id=\"f56a6a4\" data-element_type=\"container\" data-e-type=\"container\">\n\t\t\t\t<div class=\"elementor-element elementor-element-3847c3b elementor-widget elementor-widget-html\" data-id=\"3847c3b\" data-element_type=\"widget\" data-e-type=\"widget\" data-widget_type=\"html.default\">\n\t\t\t\t\t<iframe style=\"border: 0; ; height: 208px;\" src=\"https:\/\/bandcamp.com\/EmbeddedPlayer\/album=1427330233\/size=large\/bgcol=ffffff\/linkcol=0687f5\/artwork=small\/transparent=true\/\" seamless><a href=\"https:\/\/103sp.bandcamp.com\/album\/brest-ep\">Brest EP de 103 SP<\/a><\/iframe>\t\t\t\t<\/div>\n\t\t\t\t<\/div>\n\t\t<div class=\"elementor-element elementor-element-070bb08 e-con-full e-flex e-con e-child\" data-id=\"070bb08\" data-element_type=\"container\" data-e-type=\"container\">\n\t\t\t\t<div class=\"elementor-element elementor-element-af0f572 elementor-widget elementor-widget-text-editor\" data-id=\"af0f572\" data-element_type=\"widget\" data-e-type=\"widget\" data-widget_type=\"text-editor.default\">\n\t\t\t\t\t\t\t\t\t<p><span style=\"color: #ffec52;\">Du rock de garage gras du bide qui fleure bon l\u2019huile de moteur.<\/span><\/p><p><span style=\"color: #ffec52;\">Un trio form\u00e9 \u00e0 Rennes avant l\u2019\u00e9t\u00e9 2024 dans une embard\u00e9e qui frise la sortie de route.<\/span><\/p>\t\t\t\t\t\t\t\t<\/div>\n\t\t\t\t<\/div>\n\t\t\t\t<\/div>\n\t\t<div class=\"elementor-element elementor-element-2715aff e-flex e-con-boxed e-con e-parent\" data-id=\"2715aff\" data-element_type=\"container\" data-e-type=\"container\">\n\t\t\t\t\t<div class=\"e-con-inner\">\n\t\t\t\t<div class=\"elementor-element elementor-element-8ee32c5 elementor-widget elementor-widget-heading\" data-id=\"8ee32c5\" data-element_type=\"widget\" data-e-type=\"widget\" id=\"concert\" data-widget_type=\"heading.default\">\n\t\t\t\t\t<h2 class=\"elementor-heading-title elementor-size-default\">NOS PROCHAINS CONCERTS<\/h2>\t\t\t\t<\/div>\n\t\t\t\t<div class=\"elementor-element elementor-element-2cad6f7 elementor-widget elementor-widget-text-editor\" data-id=\"2cad6f7\" data-element_type=\"widget\" data-e-type=\"widget\" data-widget_type=\"text-editor.default\">\n\t\t\t\t\t\t\t\t\t<p style=\"text-align: center;\">Pas de concerts pr\u00e9vus pour le moment .. Tourn\u00e9e en cours de pr\u00e9paration !\u00a0<\/p>\t\t\t\t\t\t\t\t<\/div>\n\t\t\t\t\t<\/div>\n\t\t\t\t<\/div>\n\t\t<div class=\"elementor-element elementor-element-9f66a18 e-flex e-con-boxed e-con e-parent\" data-id=\"9f66a18\" data-element_type=\"container\" data-e-type=\"container\">\n\t\t\t\t\t<div class=\"e-con-inner\">\n\t\t\t\t<div class=\"elementor-element elementor-element-4e357f3 elementor-widget elementor-widget-video\" data-id=\"4e357f3\" data-element_type=\"widget\" data-e-type=\"widget\" data-settings=\"{&quot;youtube_url&quot;:&quot;https:\\\/\\\/youtu.be\\\/Yx2rV7GZRgg?si=gZNJtXLOQ6A84jzK&quot;,&quot;video_type&quot;:&quot;youtube&quot;,&quot;controls&quot;:&quot;yes&quot;}\" data-widget_type=\"video.default\">\n\t\t\t\t\t\t\t<div class=\"elementor-wrapper elementor-open-inline\">\n\t\t\t<div class=\"elementor-video\"><\/div>\t\t<\/div>\n\t\t\t\t\t\t<\/div>\n\t\t\t\t\t<\/div>\n\t\t\t\t<\/div>\n\t\t<div class=\"elementor-element elementor-element-e8e8d26 e-flex e-con-boxed e-con e-parent\" data-id=\"e8e8d26\" data-element_type=\"container\" data-e-type=\"container\">\n\t\t\t\t\t<div class=\"e-con-inner\">\n\t\t\t\t<div class=\"elementor-element elementor-element-188053f elementor-widget elementor-widget-heading\" data-id=\"188053f\" data-element_type=\"widget\" data-e-type=\"widget\" data-widget_type=\"heading.default\">\n\t\t\t\t\t<h2 class=\"elementor-heading-title elementor-size-default\">CONTACT<\/h2>\t\t\t\t<\/div>\n\t\t\t\t<div class=\"elementor-element elementor-element-dfd8231 elementor-widget elementor-widget-text-editor\" data-id=\"dfd8231\" data-element_type=\"widget\" data-e-type=\"widget\" data-widget_type=\"text-editor.default\">\n\t\t\t\t\t\t\t\t\t<p style=\"text-align: center;\">103sp.rockrockrock (@) gmail.com<\/p>\t\t\t\t\t\t\t\t<\/div>\n\t\t\t\t\t<\/div>\n\t\t\t\t<\/div>\n\t\t<div class=\"elementor-element elementor-element-4923d6b e-con-full e-flex e-con e-parent\" data-id=\"4923d6b\" data-element_type=\"container\" data-e-type=\"container\">\n\t\t\t\t<div class=\"elementor-element elementor-element-3026d30 elementor-widget-divider--view-line elementor-widget elementor-widget-divider\" data-id=\"3026d30\" data-element_type=\"widget\" data-e-type=\"widget\" data-widget_type=\"divider.default\">\n\t\t\t\t\t\t\t<div class=\"elementor-divider\">\n\t\t\t<span class=\"elementor-divider-separator\">\n\t\t\t\t\t\t<\/span>\n\t\t<\/div>\n\t\t\t\t\t\t<\/div>\n\t\t\t\t<\/div>\n\t\t\t\t<\/div>\n\t\t","protected":false},"excerpt":{"rendered":"<p>Brest EP de 103 SP Du rock de garage gras du bide qui fleure bon l\u2019huile de moteur. Un trio form\u00e9 \u00e0 Rennes avant l\u2019\u00e9t\u00e9 2024 dans une embard\u00e9e qui [&hellip;]<\/p>\n","protected":false},"author":1,"featured_media":50453,"parent":0,"menu_order":0,"comment_status":"closed","ping_status":"open","template":"elementor_theme","meta":{"footnotes":""},"class_list":["post-26","page","type-page","status-publish","has-post-thumbnail","hentry"],"yoast_head":"<!-- This site is optimized with the Yoast SEO plugin v27.3 - https:\/\/yoast.com\/product\/yoast-seo-wordpress\/ -->\n<title>Groupe de Garage - 103 SP<\/title>\n<meta name=\"description\" content=\"Du rock de garage gras du bide qui fleure bon l\u2019huile de moteur. Un trio form\u00e9 \u00e0 Rennes avant l\u2019\u00e9t\u00e9 2024 dans une embard\u00e9e qui frise la sortie de route.\" \/>\n<meta name=\"robots\" content=\"index, follow, max-snippet:-1, max-image-preview:large, max-video-preview:-1\" \/>\n<link rel=\"canonical\" href=\"https:\/\/www.103sp.fr\/\" \/>\n<meta property=\"og:locale\" content=\"fr_FR\" \/>\n<meta property=\"og:type\" content=\"article\" \/>\n<meta property=\"og:title\" content=\"Groupe de Garage - 103 SP\" \/>\n<meta property=\"og:description\" content=\"Du rock de garage gras du bide qui fleure bon l\u2019huile de moteur. Un trio form\u00e9 \u00e0 Rennes avant l\u2019\u00e9t\u00e9 2024 dans une embard\u00e9e qui frise la sortie de route.\" \/>\n<meta property=\"og:url\" content=\"https:\/\/www.103sp.fr\/\" \/>\n<meta property=\"og:site_name\" content=\"103 SP\" \/>\n<meta property=\"article:modified_time\" content=\"2026-02-23T19:25:51+00:00\" \/>\n<meta property=\"og:image\" content=\"https:\/\/www.103sp.fr\/wp-content\/uploads\/2014\/10\/103SP-1920x1080-1.jpg\" \/>\n\t<meta property=\"og:image:width\" content=\"1920\" \/>\n\t<meta property=\"og:image:height\" content=\"1080\" \/>\n\t<meta property=\"og:image:type\" content=\"image\/jpeg\" \/>\n<meta name=\"twitter:card\" content=\"summary_large_image\" \/>\n<meta name=\"twitter:label1\" content=\"Dur\u00e9e de lecture estim\u00e9e\" \/>\n\t<meta name=\"twitter:data1\" content=\"1 minute\" \/>\n<script type=\"application\/ld+json\" class=\"yoast-schema-graph\">{\"@context\":\"https:\\\/\\\/schema.org\",\"@graph\":[{\"@type\":\"WebPage\",\"@id\":\"https:\\\/\\\/www.103sp.fr\\\/\",\"url\":\"https:\\\/\\\/www.103sp.fr\\\/\",\"name\":\"Groupe de Garage - 103 SP\",\"isPartOf\":{\"@id\":\"https:\\\/\\\/www.103sp.fr\\\/#website\"},\"primaryImageOfPage\":{\"@id\":\"https:\\\/\\\/www.103sp.fr\\\/#primaryimage\"},\"image\":{\"@id\":\"https:\\\/\\\/www.103sp.fr\\\/#primaryimage\"},\"thumbnailUrl\":\"https:\\\/\\\/www.103sp.fr\\\/wp-content\\\/uploads\\\/2014\\\/10\\\/103SP-1920x1080-1.jpg\",\"datePublished\":\"2014-10-22T12:22:25+00:00\",\"dateModified\":\"2026-02-23T19:25:51+00:00\",\"description\":\"Du rock de garage gras du bide qui fleure bon l\u2019huile de moteur. Un trio form\u00e9 \u00e0 Rennes avant l\u2019\u00e9t\u00e9 2024 dans une embard\u00e9e qui frise la sortie de route.\",\"breadcrumb\":{\"@id\":\"https:\\\/\\\/www.103sp.fr\\\/#breadcrumb\"},\"inLanguage\":\"fr-FR\",\"potentialAction\":[{\"@type\":\"ReadAction\",\"target\":[\"https:\\\/\\\/www.103sp.fr\\\/\"]}]},{\"@type\":\"ImageObject\",\"inLanguage\":\"fr-FR\",\"@id\":\"https:\\\/\\\/www.103sp.fr\\\/#primaryimage\",\"url\":\"https:\\\/\\\/www.103sp.fr\\\/wp-content\\\/uploads\\\/2014\\\/10\\\/103SP-1920x1080-1.jpg\",\"contentUrl\":\"https:\\\/\\\/www.103sp.fr\\\/wp-content\\\/uploads\\\/2014\\\/10\\\/103SP-1920x1080-1.jpg\",\"width\":1920,\"height\":1080,\"caption\":\"103SP\"},{\"@type\":\"BreadcrumbList\",\"@id\":\"https:\\\/\\\/www.103sp.fr\\\/#breadcrumb\",\"itemListElement\":[{\"@type\":\"ListItem\",\"position\":1,\"name\":\"Accueil\",\"item\":\"https:\\\/\\\/www.103sp.fr\\\/\"},{\"@type\":\"ListItem\",\"position\":2,\"name\":\"Groupe de Garage\"}]},{\"@type\":\"WebSite\",\"@id\":\"https:\\\/\\\/www.103sp.fr\\\/#website\",\"url\":\"https:\\\/\\\/www.103sp.fr\\\/\",\"name\":\"103 SP\",\"description\":\"Trio Rock de Garage\",\"publisher\":{\"@id\":\"https:\\\/\\\/www.103sp.fr\\\/#organization\"},\"potentialAction\":[{\"@type\":\"SearchAction\",\"target\":{\"@type\":\"EntryPoint\",\"urlTemplate\":\"https:\\\/\\\/www.103sp.fr\\\/?s={search_term_string}\"},\"query-input\":{\"@type\":\"PropertyValueSpecification\",\"valueRequired\":true,\"valueName\":\"search_term_string\"}}],\"inLanguage\":\"fr-FR\"},{\"@type\":\"Organization\",\"@id\":\"https:\\\/\\\/www.103sp.fr\\\/#organization\",\"name\":\"103 SP\",\"url\":\"https:\\\/\\\/www.103sp.fr\\\/\",\"logo\":{\"@type\":\"ImageObject\",\"inLanguage\":\"fr-FR\",\"@id\":\"https:\\\/\\\/www.103sp.fr\\\/#\\\/schema\\\/logo\\\/image\\\/\",\"url\":\"https:\\\/\\\/www.103sp.fr\\\/wp-content\\\/uploads\\\/2025\\\/08\\\/Favicon.png\",\"contentUrl\":\"https:\\\/\\\/www.103sp.fr\\\/wp-content\\\/uploads\\\/2025\\\/08\\\/Favicon.png\",\"width\":512,\"height\":512,\"caption\":\"103 SP\"},\"image\":{\"@id\":\"https:\\\/\\\/www.103sp.fr\\\/#\\\/schema\\\/logo\\\/image\\\/\"},\"sameAs\":[\"https:\\\/\\\/103sp.bandcamp.com\\\/album\\\/brest-ep\",\"https:\\\/\\\/www.instagram.com\\\/103sp_rock\\\/\",\"https:\\\/\\\/www.youtube.com\\\/@103SP\"]}]}<\/script>\n<!-- \/ Yoast SEO plugin. -->","yoast_head_json":{"title":"Groupe de Garage - 103 SP","description":"Du rock de garage gras du bide qui fleure bon l\u2019huile de moteur. Un trio form\u00e9 \u00e0 Rennes avant l\u2019\u00e9t\u00e9 2024 dans une embard\u00e9e qui frise la sortie de route.","robots":{"index":"index","follow":"follow","max-snippet":"max-snippet:-1","max-image-preview":"max-image-preview:large","max-video-preview":"max-video-preview:-1"},"canonical":"https:\/\/www.103sp.fr\/","og_locale":"fr_FR","og_type":"article","og_title":"Groupe de Garage - 103 SP","og_description":"Du rock de garage gras du bide qui fleure bon l\u2019huile de moteur. Un trio form\u00e9 \u00e0 Rennes avant l\u2019\u00e9t\u00e9 2024 dans une embard\u00e9e qui frise la sortie de route.","og_url":"https:\/\/www.103sp.fr\/","og_site_name":"103 SP","article_modified_time":"2026-02-23T19:25:51+00:00","og_image":[{"width":1920,"height":1080,"url":"https:\/\/www.103sp.fr\/wp-content\/uploads\/2014\/10\/103SP-1920x1080-1.jpg","type":"image\/jpeg"}],"twitter_card":"summary_large_image","twitter_misc":{"Dur\u00e9e de lecture estim\u00e9e":"1 minute"},"schema":{"@context":"https:\/\/schema.org","@graph":[{"@type":"WebPage","@id":"https:\/\/www.103sp.fr\/","url":"https:\/\/www.103sp.fr\/","name":"Groupe de Garage - 103 SP","isPartOf":{"@id":"https:\/\/www.103sp.fr\/#website"},"primaryImageOfPage":{"@id":"https:\/\/www.103sp.fr\/#primaryimage"},"image":{"@id":"https:\/\/www.103sp.fr\/#primaryimage"},"thumbnailUrl":"https:\/\/www.103sp.fr\/wp-content\/uploads\/2014\/10\/103SP-1920x1080-1.jpg","datePublished":"2014-10-22T12:22:25+00:00","dateModified":"2026-02-23T19:25:51+00:00","description":"Du rock de garage gras du bide qui fleure bon l\u2019huile de moteur. Un trio form\u00e9 \u00e0 Rennes avant l\u2019\u00e9t\u00e9 2024 dans une embard\u00e9e qui frise la sortie de route.","breadcrumb":{"@id":"https:\/\/www.103sp.fr\/#breadcrumb"},"inLanguage":"fr-FR","potentialAction":[{"@type":"ReadAction","target":["https:\/\/www.103sp.fr\/"]}]},{"@type":"ImageObject","inLanguage":"fr-FR","@id":"https:\/\/www.103sp.fr\/#primaryimage","url":"https:\/\/www.103sp.fr\/wp-content\/uploads\/2014\/10\/103SP-1920x1080-1.jpg","contentUrl":"https:\/\/www.103sp.fr\/wp-content\/uploads\/2014\/10\/103SP-1920x1080-1.jpg","width":1920,"height":1080,"caption":"103SP"},{"@type":"BreadcrumbList","@id":"https:\/\/www.103sp.fr\/#breadcrumb","itemListElement":[{"@type":"ListItem","position":1,"name":"Accueil","item":"https:\/\/www.103sp.fr\/"},{"@type":"ListItem","position":2,"name":"Groupe de Garage"}]},{"@type":"WebSite","@id":"https:\/\/www.103sp.fr\/#website","url":"https:\/\/www.103sp.fr\/","name":"103 SP","description":"Trio Rock de Garage","publisher":{"@id":"https:\/\/www.103sp.fr\/#organization"},"potentialAction":[{"@type":"SearchAction","target":{"@type":"EntryPoint","urlTemplate":"https:\/\/www.103sp.fr\/?s={search_term_string}"},"query-input":{"@type":"PropertyValueSpecification","valueRequired":true,"valueName":"search_term_string"}}],"inLanguage":"fr-FR"},{"@type":"Organization","@id":"https:\/\/www.103sp.fr\/#organization","name":"103 SP","url":"https:\/\/www.103sp.fr\/","logo":{"@type":"ImageObject","inLanguage":"fr-FR","@id":"https:\/\/www.103sp.fr\/#\/schema\/logo\/image\/","url":"https:\/\/www.103sp.fr\/wp-content\/uploads\/2025\/08\/Favicon.png","contentUrl":"https:\/\/www.103sp.fr\/wp-content\/uploads\/2025\/08\/Favicon.png","width":512,"height":512,"caption":"103 SP"},"image":{"@id":"https:\/\/www.103sp.fr\/#\/schema\/logo\/image\/"},"sameAs":["https:\/\/103sp.bandcamp.com\/album\/brest-ep","https:\/\/www.instagram.com\/103sp_rock\/","https:\/\/www.youtube.com\/@103SP"]}]}},"_links":{"self":[{"href":"https:\/\/www.103sp.fr\/index.php\/wp-json\/wp\/v2\/pages\/26","targetHints":{"allow":["GET"]}}],"collection":[{"href":"https:\/\/www.103sp.fr\/index.php\/wp-json\/wp\/v2\/pages"}],"about":[{"href":"https:\/\/www.103sp.fr\/index.php\/wp-json\/wp\/v2\/types\/page"}],"author":[{"embeddable":true,"href":"https:\/\/www.103sp.fr\/index.php\/wp-json\/wp\/v2\/users\/1"}],"replies":[{"embeddable":true,"href":"https:\/\/www.103sp.fr\/index.php\/wp-json\/wp\/v2\/comments?post=26"}],"version-history":[{"count":108,"href":"https:\/\/www.103sp.fr\/index.php\/wp-json\/wp\/v2\/pages\/26\/revisions"}],"predecessor-version":[{"id":50688,"href":"https:\/\/www.103sp.fr\/index.php\/wp-json\/wp\/v2\/pages\/26\/revisions\/50688"}],"wp:featuredmedia":[{"embeddable":true,"href":"https:\/\/www.103sp.fr\/index.php\/wp-json\/wp\/v2\/media\/50453"}],"wp:attachment":[{"href":"https:\/\/www.103sp.fr\/index.php\/wp-json\/wp\/v2\/media?parent=26"}],"curies":[{"name":"wp","href":"https:\/\/api.w.org\/{rel}","templated":true}]}}